{"id":3,"date":"2024-11-06T14:29:16","date_gmt":"2024-11-06T14:29:16","guid":{"rendered":"https:\/\/www.nexthpbcare.com\/?page_id=3"},"modified":"2024-11-25T16:44:19","modified_gmt":"2024-11-25T16:44:19","slug":"privacy-policy","status":"publish","type":"page","link":"https:\/\/www.nexthpbcare.com\/en\/privacy-policy\/","title":{"rendered":"Privacy Policy"},"content":{"rendered":"<p>Select the privacy policy of your country:<\/p>\n\n\n\n<p><\/p>\n\n\n\n<div class=\"wp-block-columns is-layout-flex wp-container-core-columns-is-layout-28f84493 wp-block-columns-is-layout-flex\">\n<div class=\"wp-block-column is-layout-flow wp-block-column-is-layout-flow\" style=\"flex-basis:33.33%\">\n<figure class=\"wp-block-image aligncenter size-full is-resized\"><img loading=\"lazy\" decoding=\"async\" width=\"736\" height=\"732\" src=\"https:\/\/www.nexthpbcare.com\/wp-content\/uploads\/2024\/11\/f43569cf1f2a571fe52c851c75bb44cf.jpg\" alt=\"\" class=\"wp-image-338\" style=\"width:76px;height:auto\" srcset=\"https:\/\/www.nexthpbcare.com\/wp-content\/uploads\/2024\/11\/f43569cf1f2a571fe52c851c75bb44cf.jpg 736w, https:\/\/www.nexthpbcare.com\/wp-content\/uploads\/2024\/11\/f43569cf1f2a571fe52c851c75bb44cf-300x298.jpg 300w, https:\/\/www.nexthpbcare.com\/wp-content\/uploads\/2024\/11\/f43569cf1f2a571fe52c851c75bb44cf-150x150.jpg 150w, https:\/\/www.nexthpbcare.com\/wp-content\/uploads\/2024\/11\/f43569cf1f2a571fe52c851c75bb44cf-12x12.jpg 12w\" sizes=\"auto, (max-width: 736px) 100vw, 736px\" \/><\/figure>\n<\/div>\n\n\n\n<div class=\"wp-block-column is-layout-flow wp-block-column-is-layout-flow\" style=\"flex-basis:66.66%\">\n<h3 class=\"wp-block-heading has-superbfont-medium-font-size\"><a href=\"https:\/\/www.bostonscientific.com\/es-MX\/privacy-policy.html\" target=\"_blank\" rel=\"noreferrer noopener\">Mexico Privacy Policy<\/a><\/h3>\n<\/div>\n<\/div>\n\n\n\n<div class=\"wp-block-columns is-layout-flex wp-container-core-columns-is-layout-28f84493 wp-block-columns-is-layout-flex\">\n<div class=\"wp-block-column is-layout-flow wp-block-column-is-layout-flow\" style=\"flex-basis:33.33%\">\n<figure class=\"wp-block-image aligncenter\"><img decoding=\"async\" src=\"https:\/\/testosterona.la\/wp-content\/uploads\/2022\/10\/colombia-1.png\" alt=\"\" class=\"wp-image-13246\"\/><\/figure>\n<\/div>\n\n\n\n<div class=\"wp-block-column is-layout-flow wp-block-column-is-layout-flow\" style=\"flex-basis:66.66%\">\n<h3 class=\"wp-block-heading has-superbfont-medium-font-size\"><a href=\"https:\/\/www.bostonscientific.com\/es-co\/politica-de-privacidad.html\" target=\"_blank\" rel=\"noreferrer noopener\">Colombia Privacy Policy<\/a><\/h3>\n<\/div>\n<\/div>\n\n\n\n<div class=\"wp-block-columns is-layout-flex wp-container-core-columns-is-layout-28f84493 wp-block-columns-is-layout-flex\">\n<div class=\"wp-block-column is-layout-flow wp-block-column-is-layout-flow\" style=\"flex-basis:33.33%\">\n<figure class=\"wp-block-image aligncenter\"><img decoding=\"async\" src=\"https:\/\/testosterona.la\/wp-content\/uploads\/2022\/10\/costa-rica-1.png\" alt=\"\" class=\"wp-image-13245\"\/><\/figure>\n<\/div>\n\n\n\n<div class=\"wp-block-column is-layout-flow wp-block-column-is-layout-flow\" style=\"flex-basis:66.66%\">\n<h3 class=\"wp-block-heading has-superbfont-medium-font-size\"><a href=\"https:\/\/www.bostonscientific.com\/es-CL\/politica-de-privacidad.html\" target=\"_blank\" rel=\"noreferrer noopener\">Chile Privacy Policy<\/a><\/h3>\n<\/div>\n<\/div>\n\n\n\n<div class=\"wp-block-columns is-layout-flex wp-container-core-columns-is-layout-28f84493 wp-block-columns-is-layout-flex\">\n<div class=\"wp-block-column is-layout-flow wp-block-column-is-layout-flow\" style=\"flex-basis:33.33%\">\n<figure class=\"wp-block-image aligncenter\"><img decoding=\"async\" src=\"https:\/\/testosterona.la\/wp-content\/uploads\/2022\/10\/colombia-2.png\" alt=\"\" class=\"wp-image-13248\"\/><\/figure>\n<\/div>\n\n\n\n<div class=\"wp-block-column is-layout-flow wp-block-column-is-layout-flow\" style=\"flex-basis:66.66%\">\n<h3 class=\"wp-block-heading has-superbfont-medium-font-size\"><a href=\"https:\/\/www.bostonscientific.com\/es-ar\/politica-de-privacidad.html\" target=\"_blank\" rel=\"noreferrer noopener\">Argentina Privacy Policy<\/a><\/h3>\n<\/div>\n<\/div>\n\n\n\n<div class=\"wp-block-columns is-layout-flex wp-container-core-columns-is-layout-28f84493 wp-block-columns-is-layout-flex\">\n<div class=\"wp-block-column is-layout-flow wp-block-column-is-layout-flow\" style=\"flex-basis:33.33%\">\n<figure class=\"wp-block-image aligncenter size-full is-resized\"><img loading=\"lazy\" decoding=\"async\" width=\"417\" height=\"450\" src=\"https:\/\/www.nexthpbcare.com\/wp-content\/uploads\/2024\/11\/28299772-brazil-flag-button.jpg\" alt=\"\" class=\"wp-image-341\" style=\"width:88px;height:auto\" srcset=\"https:\/\/www.nexthpbcare.com\/wp-content\/uploads\/2024\/11\/28299772-brazil-flag-button.jpg 417w, https:\/\/www.nexthpbcare.com\/wp-content\/uploads\/2024\/11\/28299772-brazil-flag-button-278x300.jpg 278w, https:\/\/www.nexthpbcare.com\/wp-content\/uploads\/2024\/11\/28299772-brazil-flag-button-11x12.jpg 11w\" sizes=\"auto, (max-width: 417px) 100vw, 417px\" \/><\/figure>\n<\/div>\n\n\n\n<div class=\"wp-block-column is-layout-flow wp-block-column-is-layout-flow\" style=\"flex-basis:66.66%\">\n<h3 class=\"wp-block-heading has-superbfont-medium-font-size\"><a href=\"https:\/\/www.bostonscientific.com\/es-ar\/politica-de-privacidad.html\" target=\"_blank\" rel=\"noreferrer noopener\">Brazil Privacy Policy<\/a><\/h3>\n<\/div>\n<\/div>\n\n\n\n<div class=\"wp-block-columns is-layout-flex wp-container-core-columns-is-layout-28f84493 wp-block-columns-is-layout-flex\">\n<div class=\"wp-block-column is-layout-flow wp-block-column-is-layout-flow\" style=\"flex-basis:33.33%\">\n<figure class=\"wp-block-image aligncenter size-full is-resized\"><img loading=\"lazy\" decoding=\"async\" width=\"626\" height=\"626\" src=\"https:\/\/www.nexthpbcare.com\/wp-content\/uploads\/2024\/11\/peru-flag-button-round-flag-peru-vector-flag-symbol-colors-proportion-correctly_847658-221.avif\" alt=\"\" class=\"wp-image-340\" style=\"width:82px;height:auto\" srcset=\"https:\/\/www.nexthpbcare.com\/wp-content\/uploads\/2024\/11\/peru-flag-button-round-flag-peru-vector-flag-symbol-colors-proportion-correctly_847658-221.avif 626w, https:\/\/www.nexthpbcare.com\/wp-content\/uploads\/2024\/11\/peru-flag-button-round-flag-peru-vector-flag-symbol-colors-proportion-correctly_847658-221-300x300.avif 300w, https:\/\/www.nexthpbcare.com\/wp-content\/uploads\/2024\/11\/peru-flag-button-round-flag-peru-vector-flag-symbol-colors-proportion-correctly_847658-221-150x150.avif 150w, https:\/\/www.nexthpbcare.com\/wp-content\/uploads\/2024\/11\/peru-flag-button-round-flag-peru-vector-flag-symbol-colors-proportion-correctly_847658-221-12x12.avif 12w\" sizes=\"auto, (max-width: 626px) 100vw, 626px\" \/><\/figure>\n<\/div>\n\n\n\n<div class=\"wp-block-column is-layout-flow wp-block-column-is-layout-flow\" style=\"flex-basis:66.66%\">\n<h3 class=\"wp-block-heading has-superbfont-medium-font-size\"><a href=\"https:\/\/www.bostonscientific.com\/es-pe\/politica-de-privacidad.html\" target=\"_blank\" rel=\"noreferrer noopener\">Peru Privacy Policy<\/a><\/h3>\n<\/div>\n<\/div>\n\n\n\n<p><\/p>","protected":false},"excerpt":{"rendered":"<p>Selecciona la pol\u00edtica de privacidad de tu pa\u00eds: Pol\u00edtica de privacidad de M\u00e9xico Pol\u00edtica de privacidad de Colombia Pol\u00edtica de privacidad de Chile Pol\u00edtica de privacidad de Argentina Pol\u00edtica de privacidad de Brasil Pol\u00edtica de privacidad de Per\u00fa<\/p>","protected":false},"author":1,"featured_media":0,"parent":0,"menu_order":0,"comment_status":"closed","ping_status":"closed","template":"","meta":{"om_disable_all_campaigns":false,"footnotes":""},"class_list":["post-3","page","type-page","status-publish","hentry"],"_links":{"self":[{"href":"https:\/\/www.nexthpbcare.com\/en\/wp-json\/wp\/v2\/pages\/3","targetHints":{"allow":["GET"]}}],"collection":[{"href":"https:\/\/www.nexthpbcare.com\/en\/wp-json\/wp\/v2\/pages"}],"about":[{"href":"https:\/\/www.nexthpbcare.com\/en\/wp-json\/wp\/v2\/types\/page"}],"author":[{"embeddable":true,"href":"https:\/\/www.nexthpbcare.com\/en\/wp-json\/wp\/v2\/users\/1"}],"replies":[{"embeddable":true,"href":"https:\/\/www.nexthpbcare.com\/en\/wp-json\/wp\/v2\/comments?post=3"}],"version-history":[{"count":6,"href":"https:\/\/www.nexthpbcare.com\/en\/wp-json\/wp\/v2\/pages\/3\/revisions"}],"predecessor-version":[{"id":342,"href":"https:\/\/www.nexthpbcare.com\/en\/wp-json\/wp\/v2\/pages\/3\/revisions\/342"}],"wp:attachment":[{"href":"https:\/\/www.nexthpbcare.com\/en\/wp-json\/wp\/v2\/media?parent=3"}],"curies":[{"name":"wp","href":"https:\/\/api.w.org\/{rel}","templated":true}]}}